{"id":237,"date":"2020-08-10T23:43:38","date_gmt":"2020-08-11T02:43:38","guid":{"rendered":"http:\/\/chibrassiteofici1.hospedagemdesites.ws\/?page_id=237"},"modified":"2020-08-11T00:04:02","modified_gmt":"2020-08-11T03:04:02","slug":"canal-de-etica","status":"publish","type":"page","link":"https:\/\/chibras.com.br\/en\/canal-de-etica\/","title":{"rendered":"Ethics channel"},"content":{"rendered":"<p>This is an exclusive channel of Chibras for safe communication and, if desired, anonymous, of conduct considered unethical or that violate the ethical principles and standards of conduct of our businesses, registered emails will be analyzed and answered with complete exemption.&nbsp;<\/p>\n\n\n\n<p>All information will be verified during the investigation process, and the resulting actions will be taken according to the company's criteria.<\/p>\n\n\n<div role=\"form\" class=\"wpcf7\" id=\"wpcf7-f241-o1\" lang=\"pt-BR\" dir=\"ltr\">\n<div class=\"screen-reader-response\"><p role=\"status\" aria-live=\"polite\" aria-atomic=\"true\"><\/p> <ul><\/ul><\/div>\n<form action=\"\/en\/wp-json\/wp\/v2\/pages\/237#wpcf7-f241-o1\" method=\"post\" class=\"wpcf7-form init\" novalidate=\"novalidate\" data-status=\"init\" data-trp-original-action=\"\/en\/wp-json\/wp\/v2\/pages\/237#wpcf7-f241-o1\">\n<div style=\"display: none;\">\n<input type=\"hidden\" name=\"_wpcf7\" value=\"241\" \/>\n<input type=\"hidden\" name=\"_wpcf7_version\" value=\"5.3.2\" \/>\n<input type=\"hidden\" name=\"_wpcf7_locale\" value=\"pt_BR\" \/>\n<input type=\"hidden\" name=\"_wpcf7_unit_tag\" value=\"wpcf7-f241-o1\" \/>\n<input type=\"hidden\" name=\"_wpcf7_container_post\" value=\"0\" \/>\n<input type=\"hidden\" name=\"_wpcf7_posted_data_hash\" value=\"\" \/>\n<input type=\"hidden\" name=\"_wpcf7_recaptcha_response\" value=\"\" \/>\n<\/div>\n<p><label> An\u00f4nimo (deixar em branco)<br \/>\n    <span class=\"wpcf7-form-control-wrap your-name\"><input type=\"text\" name=\"your-name\" value=\"\" size=\"40\" class=\"wpcf7-form-control wpcf7-text\" aria-invalid=\"false\" \/><\/span> <\/label><\/p>\n<p><label> Subject<br \/>\n    <span class=\"wpcf7-form-control-wrap your-subject\"><input type=\"text\" name=\"your-subject\" value=\"\" size=\"40\" class=\"wpcf7-form-control wpcf7-text\" aria-invalid=\"false\" \/><\/span> <\/label><\/p>\n<p><label> Your Message<br \/>\n    <span class=\"wpcf7-form-control-wrap your-message\"><textarea name=\"your-message\" cols=\"40\" rows=\"10\" class=\"wpcf7-form-control wpcf7-textarea materialize-textarea\" aria-invalid=\"false\"><\/textarea><\/span> <\/label><\/p>\n<p><input type=\"submit\" value=\"Submit\" class=\"wpcf7-form-control wpcf7-submit btform\" \/><\/p>\n<div class=\"wpcf7-response-output\" aria-hidden=\"true\"><\/div><input type=\"hidden\" name=\"trp-form-language\" value=\"en\"\/><\/form><\/div>","protected":false},"excerpt":{"rendered":"<p>Este \u00e9 um canal exclusivo da Chibras para comunica\u00e7\u00e3o segura e, se desejada, an\u00f4nima, de condutas consideradas anti\u00e9ticas ou que violem os princ\u00edpios \u00e9ticos e padr\u00f5es de conduta dos nossos neg\u00f3cios, os e-mails registrados ser\u00e3o analisados e respondidos com completa isen\u00e7\u00e3o.&nbsp; Todas as informa\u00e7\u00f5es ser\u00e3o verificadas durante o processo de averigua\u00e7\u00e3o, e as a\u00e7\u00f5es decorrentes [&hellip;]<\/p>","protected":false},"author":1,"featured_media":6,"parent":0,"menu_order":0,"comment_status":"closed","ping_status":"closed","template":"","meta":[],"_links":{"self":[{"href":"https:\/\/chibras.com.br\/en\/wp-json\/wp\/v2\/pages\/237"}],"collection":[{"href":"https:\/\/chibras.com.br\/en\/wp-json\/wp\/v2\/pages"}],"about":[{"href":"https:\/\/chibras.com.br\/en\/wp-json\/wp\/v2\/types\/page"}],"author":[{"embeddable":true,"href":"https:\/\/chibras.com.br\/en\/wp-json\/wp\/v2\/users\/1"}],"replies":[{"embeddable":true,"href":"https:\/\/chibras.com.br\/en\/wp-json\/wp\/v2\/comments?post=237"}],"version-history":[{"count":3,"href":"https:\/\/chibras.com.br\/en\/wp-json\/wp\/v2\/pages\/237\/revisions"}],"predecessor-version":[{"id":242,"href":"https:\/\/chibras.com.br\/en\/wp-json\/wp\/v2\/pages\/237\/revisions\/242"}],"wp:featuredmedia":[{"embeddable":true,"href":"https:\/\/chibras.com.br\/en\/wp-json\/wp\/v2\/media\/6"}],"wp:attachment":[{"href":"https:\/\/chibras.com.br\/en\/wp-json\/wp\/v2\/media?parent=237"}],"curies":[{"name":"wp","href":"https:\/\/api.w.org\/{rel}","templated":true}]}}